{"id":2,"date":"2025-12-15T11:52:42","date_gmt":"2025-12-15T11:52:42","guid":{"rendered":"https:\/\/www.roninworldwide.de\/?page_id=2"},"modified":"2025-12-19T16:33:04","modified_gmt":"2025-12-19T16:33:04","slug":"under-construction","status":"publish","type":"page","link":"https:\/\/www.roninworldwide.de\/","title":{"rendered":"Under Construction"},"content":{"rendered":"\n<div class=\"wp-block-columns is-layout-flex wp-container-core-columns-is-layout-28f84493 wp-block-columns-is-layout-flex\">\n<div class=\"wp-block-column has-accent-3-background-color has-background is-layout-flow wp-block-column-is-layout-flow\" style=\"border-top-left-radius:8px;border-top-right-radius:8px;border-bottom-left-radius:8px;border-bottom-right-radius:8px;padding-top:var(--wp--preset--spacing--30);padding-right:var(--wp--preset--spacing--40);padding-bottom:var(--wp--preset--spacing--30);padding-left:var(--wp--preset--spacing--40)\">\n<p class=\"has-text-align-center has-base-color has-text-color has-link-color wp-elements-761c95cd7e9d8cae789484368bb06e3b\" style=\"font-size:clamp(17.905px, 1.119rem + ((1vw - 3.2px) * 1.052), 28px);\"><strong>Under Construction<\/strong>!<\/p>\n\n\n\n<p class=\"has-text-align-center has-base-color has-text-color has-link-color wp-elements-acf4d363ac12a8515d3acb27e7324f91\" style=\"font-size:clamp(14px, 0.875rem + ((1vw - 3.2px) * 0.625), 20px);\">Unsere Seite wird gerade modernisiert.<\/p>\n<\/div>\n<\/div>\n\n\n\n<div class=\"wp-block-columns is-layout-flex wp-container-core-columns-is-layout-28f84493 wp-block-columns-is-layout-flex\">\n<div class=\"wp-block-column is-layout-flow wp-block-column-is-layout-flow\">\n<figure class=\"wp-block-image alignright size-large is-resized\"><img loading=\"lazy\" decoding=\"async\" width=\"320\" height=\"320\" src=\"https:\/\/www.roninworldwide.de\/wp-content\/uploads\/2025\/12\/ronin-25-jahre.png\" alt=\"\" class=\"wp-image-27\" style=\"width:142px;height:auto\" srcset=\"https:\/\/www.roninworldwide.de\/wp-content\/uploads\/2025\/12\/ronin-25-jahre.png 320w, https:\/\/www.roninworldwide.de\/wp-content\/uploads\/2025\/12\/ronin-25-jahre-300x300.png 300w, https:\/\/www.roninworldwide.de\/wp-content\/uploads\/2025\/12\/ronin-25-jahre-150x150.png 150w\" sizes=\"auto, (max-width: 320px) 100vw, 320px\" \/><\/figure>\n<\/div>\n<\/div>\n\n\n\n<div class=\"wp-block-columns is-layout-flex wp-container-core-columns-is-layout-28f84493 wp-block-columns-is-layout-flex\">\n<div class=\"wp-block-column is-layout-flow wp-block-column-is-layout-flow\" style=\"flex-basis:15%\"><\/div>\n\n\n\n<div class=\"wp-block-column is-layout-flow wp-block-column-is-layout-flow\" style=\"flex-basis:70%\">\n<figure class=\"wp-block-image aligncenter size-large is-resized\" style=\"margin-bottom:0\"><img loading=\"lazy\" decoding=\"async\" width=\"1024\" height=\"509\" src=\"https:\/\/www.roninworldwide.de\/wp-content\/uploads\/2025\/12\/logo-ronin-new-1120-1024x509.png\" alt=\"\" class=\"wp-image-57\" style=\"aspect-ratio:2.0117988905520825;width:660px;height:auto\" srcset=\"https:\/\/www.roninworldwide.de\/wp-content\/uploads\/2025\/12\/logo-ronin-new-1120-1024x509.png 1024w, https:\/\/www.roninworldwide.de\/wp-content\/uploads\/2025\/12\/logo-ronin-new-1120-300x149.png 300w, https:\/\/www.roninworldwide.de\/wp-content\/uploads\/2025\/12\/logo-ronin-new-1120-768x382.png 768w, https:\/\/www.roninworldwide.de\/wp-content\/uploads\/2025\/12\/logo-ronin-new-1120.png 1120w\" sizes=\"auto, (max-width: 1024px) 100vw, 1024px\" \/><\/figure>\n\n\n\n<h1 class=\"wp-block-heading has-text-align-center has-accent-1-color has-text-color has-link-color has-be-vietnam-pro-font-family wp-elements-33e8fb670ad015c6053c7aabaa26235f\" style=\"margin-top:var(--wp--preset--spacing--80);margin-bottom:var(--wp--preset--spacing--40);font-size:clamp(31.609px, 1.976rem + ((1vw - 3.2px) * 2.541), 56px);font-style:normal;font-weight:700\">Ihre Sicherheit liegt uns am Herzen<\/h1>\n\n\n\n<p class=\"has-text-align-center has-be-vietnam-pro-font-family\" style=\"font-size:clamp(0.984rem, 0.984rem + ((1vw - 0.2rem) * 0.86), 1.5rem);font-style:normal;font-weight:600\">Ronin ist Ihr professioneller und freundlicher Partner rund um den Objekt-, Werk- und Veranstaltungsschutz.<\/p>\n\n\n\n<div class=\"wp-block-buttons is-content-justification-center is-layout-flex wp-container-core-buttons-is-layout-ecbad910 wp-block-buttons-is-layout-flex\" style=\"padding-top:var(--wp--preset--spacing--20);padding-bottom:var(--wp--preset--spacing--20)\">\n<div class=\"wp-block-button\"><a class=\"wp-block-button__link has-contrast-color has-accent-1-background-color has-text-color has-background has-link-color has-be-vietnam-pro-font-family wp-element-button\" href=\"mailto:info@roninworldwide.de\" style=\"border-top-left-radius:8px;border-top-right-radius:8px;border-bottom-left-radius:8px;border-bottom-right-radius:8px;font-style:normal;font-weight:600\">Jetzt anfragen<\/a><\/div>\n<\/div>\n<\/div>\n\n\n\n<div class=\"wp-block-column is-layout-flow wp-block-column-is-layout-flow\" style=\"flex-basis:15%\"><\/div>\n<\/div>\n\n\n\n<div class=\"wp-block-columns is-layout-flex wp-container-core-columns-is-layout-28f84493 wp-block-columns-is-layout-flex\">\n<div class=\"wp-block-column is-layout-flow wp-block-column-is-layout-flow\" style=\"flex-basis:15%\"><\/div>\n\n\n\n<div class=\"wp-block-column is-layout-flow wp-block-column-is-layout-flow\" style=\"flex-basis:70%\">\n<h2 class=\"wp-block-heading has-text-align-center has-accent-1-color has-text-color has-link-color has-be-vietnam-pro-font-family wp-elements-531049cbe211a317fab85dd9d73f475a\" style=\"margin-top:var(--wp--preset--spacing--70);margin-bottom:var(--wp--preset--spacing--40);font-size:clamp(24.034px, 1.502rem + ((1vw - 3.2px) * 1.663), 40px);\">Weil Sicherheit Vertrauen verdient<\/h2>\n\n\n\n<p style=\"margin-top:0;margin-bottom:var(--wp--preset--spacing--40)\">Wir legen gro\u00dfen Wert auf klare Kommunikation, ein respektvolles Verhalten und darauf, dass jede Einsatzkraft nicht nur fachlich, sondern auch menschlich u\u0308berzeugt. Unser Team besteht dafu\u0308r aus qualifizierten Sicherheitskr\u00e4ften, die umfassend geschult und von uns regelm\u00e4\u00dfig weitergebildet werden.<\/p>\n\n\n\n<ul style=\"padding-right:var(--wp--preset--spacing--20);padding-left:var(--wp--preset--spacing--20)\" class=\"wp-block-list is-style-checkmark-list\">\n<li style=\"padding-top:0;padding-bottom:0;padding-left:var(--wp--preset--spacing--30)\"><mark style=\"background-color:rgba(0, 0, 0, 0)\" class=\"has-inline-color has-contrast-color\">Mehr als 20 Jahre Erfahrung in der Sicherheitsbranche<\/mark><\/li>\n\n\n\n<li style=\"margin-left:0;padding-left:var(--wp--preset--spacing--30)\"><mark style=\"background-color:rgba(0, 0, 0, 0)\" class=\"has-inline-color has-contrast-color\">Individuelle Sicherheitskonzepte fu\u0308r jeden Bedarf<\/mark><\/li>\n\n\n\n<li style=\"padding-left:var(--wp--preset--spacing--30)\"><mark style=\"background-color:rgba(0, 0, 0, 0)\" class=\"has-inline-color has-contrast-color\">Schnelle Reaktionszeiten \u2013 auch bei kurzfristigen Eins\u00e4tzen<\/mark><\/li>\n\n\n\n<li style=\"padding-left:var(--wp--preset--spacing--30)\"><mark style=\"background-color:rgba(0, 0, 0, 0)\" class=\"has-inline-color has-contrast-color\">Geschultes und vielf\u00e4ltig einsetzbares Fachpersonal<\/mark><\/li>\n\n\n\n<li style=\"padding-left:var(--wp--preset--spacing--30)\"><mark style=\"background-color:rgba(0, 0, 0, 0)\" class=\"has-inline-color has-contrast-color\">Moderne Technik und klare Einsatzstrukturen<\/mark><\/li>\n\n\n\n<li style=\"padding-left:var(--wp--preset--spacing--30)\"><mark style=\"background-color:rgba(0, 0, 0, 0)\" class=\"has-inline-color has-contrast-color\">Diskrete, freundliche und l\u00f6sungsorientierte Zusammenarbeit<\/mark><\/li>\n<\/ul>\n<\/div>\n\n\n\n<div class=\"wp-block-column is-layout-flow wp-block-column-is-layout-flow\" style=\"flex-basis:15%\"><\/div>\n<\/div>\n\n\n\n<div class=\"wp-block-columns is-layout-flex wp-container-core-columns-is-layout-28f84493 wp-block-columns-is-layout-flex\">\n<div class=\"wp-block-column is-layout-flow wp-block-column-is-layout-flow\">\n<h2 class=\"wp-block-heading has-text-align-center has-accent-1-color has-text-color has-link-color has-be-vietnam-pro-font-family wp-elements-8253af8591e68243b7e48db5fbe15ee5\" style=\"margin-top:var(--wp--preset--spacing--70);margin-bottom:var(--wp--preset--spacing--40);font-size:clamp(24.034px, 1.502rem + ((1vw - 3.2px) * 1.663), 40px);\">Unsere Leistungen<\/h2>\n<\/div>\n<\/div>\n\n\n\n<div class=\"wp-block-columns is-layout-flex wp-container-core-columns-is-layout-28f84493 wp-block-columns-is-layout-flex\">\n<div class=\"wp-block-column is-layout-flow wp-block-column-is-layout-flow\">\n<figure class=\"wp-block-image size-full is-resized\"><img loading=\"lazy\" decoding=\"async\" width=\"128\" height=\"128\" src=\"https:\/\/www.roninworldwide.de\/wp-content\/uploads\/2025\/12\/building-2-1.png\" alt=\"\" class=\"wp-image-42\" style=\"width:64px\"\/><\/figure>\n\n\n\n<h3 class=\"wp-block-heading has-text-align-left has-contrast-color has-text-color has-link-color has-be-vietnam-pro-font-family wp-elements-68e0cca9a04993a655495fd3439ae111\" style=\"margin-top:var(--wp--preset--spacing--30);margin-bottom:0;font-size:clamp(17.905px, 1.119rem + ((1vw - 3.2px) * 1.052), 28px);line-height:1.2\">Geb\u00e4ude- und Objektschutz<\/h3>\n\n\n\n<p style=\"margin-bottom:var(--wp--preset--spacing--40)\">Wir sch\u00fctzen Wohn- und Gewerbe-immobilien zuverl\u00e4ssig, indem wir vor Ort pr\u00e4sent sind, Zug\u00e4nge kontrollieren und so unbefugtes Betreten verhindern.<\/p>\n<\/div>\n\n\n\n<div class=\"wp-block-column is-layout-flow wp-block-column-is-layout-flow\">\n<figure class=\"wp-block-image size-full is-resized\"><img loading=\"lazy\" decoding=\"async\" width=\"128\" height=\"128\" src=\"https:\/\/www.roninworldwide.de\/wp-content\/uploads\/2025\/12\/id-card-lanyard-1.png\" alt=\"\" class=\"wp-image-44\" style=\"width:64px\"\/><\/figure>\n\n\n\n<h3 class=\"wp-block-heading has-text-align-left has-contrast-color has-text-color has-link-color has-be-vietnam-pro-font-family wp-elements-63b17c199ae1c641646635e74074e037\" style=\"margin-top:var(--wp--preset--spacing--30);margin-bottom:0;font-size:clamp(17.905px, 1.119rem + ((1vw - 3.2px) * 1.052), 28px);line-height:1.2\">Empfangs- und Telefondienst<\/h3>\n\n\n\n<p style=\"margin-bottom:var(--wp--preset--spacing--40)\">Wir empfangen Besucher:innen freundlich und professionell und \u00fcbernehmen Telefondienste in Ihrem Unternehmen \u2013 je nach Wunsch mit oder ohne Sachkundepr\u00fcfung gem\u00e4\u00df \u00a734a&nbsp;GewO.<\/p>\n<\/div>\n\n\n\n<div class=\"wp-block-column is-layout-flow wp-block-column-is-layout-flow\">\n<figure class=\"wp-block-image size-full is-resized\"><img loading=\"lazy\" decoding=\"async\" width=\"128\" height=\"128\" src=\"https:\/\/www.roninworldwide.de\/wp-content\/uploads\/2025\/12\/traffic-cone-1.png\" alt=\"\" class=\"wp-image-45\" style=\"width:64px\"\/><\/figure>\n\n\n\n<h3 class=\"wp-block-heading has-text-align-left has-contrast-color has-text-color has-link-color has-be-vietnam-pro-font-family wp-elements-1db63739ad5c86016fa958e9829e7fe6\" style=\"margin-top:var(--wp--preset--spacing--30);margin-bottom:0;font-size:clamp(17.905px, 1.119rem + ((1vw - 3.2px) * 1.052), 28px);line-height:1.2\">Baustellen\u00ad\u00fcberwachung<\/h3>\n\n\n\n<p style=\"margin-bottom:var(--wp--preset--spacing--40)\">Damit Ihre Baustelle vor Diebstahl, Vandalismus und unbefugtem Zutritt rund um die Uhr gesch\u00fctzt ist, unterst\u00fctzen wir mit mobilen \u00dcberwachungssystemen, Pr\u00e4senzkr\u00e4ften und Nachtpatrouillen.<\/p>\n<\/div>\n<\/div>\n\n\n\n<div class=\"wp-block-columns is-layout-flex wp-container-core-columns-is-layout-e1fea541 wp-block-columns-is-layout-flex\" style=\"margin-top:var(--wp--preset--spacing--50)\">\n<div class=\"wp-block-column is-layout-flow wp-block-column-is-layout-flow\">\n<figure class=\"wp-block-image size-full is-resized\"><img loading=\"lazy\" decoding=\"async\" width=\"128\" height=\"128\" src=\"https:\/\/www.roninworldwide.de\/wp-content\/uploads\/2025\/12\/factory-1.png\" alt=\"\" class=\"wp-image-46\" style=\"width:64px\"\/><\/figure>\n\n\n\n<h3 class=\"wp-block-heading has-text-align-left has-contrast-color has-text-color has-link-color has-be-vietnam-pro-font-family wp-elements-ff27a728b9c928dd44b613fbe83ef3b0\" style=\"margin-top:var(--wp--preset--spacing--30);margin-bottom:0;font-size:clamp(17.905px, 1.119rem + ((1vw - 3.2px) * 1.052), 28px);line-height:1.2\">Werkschutz<\/h3>\n\n\n\n<p style=\"margin-bottom:var(--wp--preset--spacing--40)\">Wir \u00fcbernehmen die umfassende Sicherheits\u00fcberwachung Ihrer Betriebsfl\u00e4chen, Produktionsanlagen und Lager durch pr\u00e4ventive Kontrollen, Zutrittsmanagement und Streifendienste.<\/p>\n<\/div>\n\n\n\n<div class=\"wp-block-column is-layout-flow wp-block-column-is-layout-flow\">\n<figure class=\"wp-block-image size-full is-resized\"><img loading=\"lazy\" decoding=\"async\" width=\"128\" height=\"128\" src=\"https:\/\/www.roninworldwide.de\/wp-content\/uploads\/2025\/12\/briefcase-medical-1.png\" alt=\"\" class=\"wp-image-47\" style=\"width:64px\"\/><\/figure>\n\n\n\n<h3 class=\"wp-block-heading has-text-align-left has-contrast-color has-text-color has-link-color has-be-vietnam-pro-font-family wp-elements-2959b1829a0c89182590f6102346147e\" style=\"margin-top:var(--wp--preset--spacing--30);margin-bottom:0;font-size:clamp(17.905px, 1.119rem + ((1vw - 3.2px) * 1.052), 28px);line-height:1.2\">Betriebs\u00adsanit\u00e4ter<\/h3>\n\n\n\n<p style=\"margin-bottom:var(--wp--preset--spacing--40)\">Unsere Betriebssanit\u00e4ter leisten als ausgebildete Fachkr\u00e4fte medizinische Erstversorgung \u2013 in Betrieben, auf Baustellen oder bei Gro\u00dfveranstaltungen.<\/p>\n<\/div>\n\n\n\n<div class=\"wp-block-column is-layout-flow wp-block-column-is-layout-flow\">\n<figure class=\"wp-block-image size-full is-resized\"><img loading=\"lazy\" decoding=\"async\" width=\"128\" height=\"128\" src=\"https:\/\/www.roninworldwide.de\/wp-content\/uploads\/2025\/12\/party-popper-1.png\" alt=\"\" class=\"wp-image-48\" style=\"width:64px\"\/><\/figure>\n\n\n\n<h3 class=\"wp-block-heading has-text-align-left has-contrast-color has-text-color has-link-color has-be-vietnam-pro-font-family wp-elements-45d2e0985444fa1d9eed11601069b845\" style=\"margin-top:var(--wp--preset--spacing--30);margin-bottom:0;font-size:clamp(17.905px, 1.119rem + ((1vw - 3.2px) * 1.052), 28px);line-height:1.2\">Veranstaltungs\u00adschutz<\/h3>\n\n\n\n<p style=\"margin-bottom:var(--wp--preset--spacing--40)\">Ob Konzert, Messe, Gala oder Firmenfeier \u2013 wir sorgen mit freundlicher Pr\u00e4senz f\u00fcr reibungslose Abl\u00e4ufe, sichere Zutrittskontrollen und sind deeskalierend, hilfsbereit und diskret.<\/p>\n<\/div>\n<\/div>\n\n\n\n<div class=\"wp-block-columns is-layout-flex wp-container-core-columns-is-layout-45c10ec9 wp-block-columns-is-layout-flex\" style=\"margin-top:var(--wp--preset--spacing--60);margin-bottom:var(--wp--preset--spacing--60)\">\n<div class=\"wp-block-column is-layout-flow wp-block-column-is-layout-flow\" style=\"flex-basis:15%\"><\/div>\n\n\n\n<div class=\"wp-block-column has-accent-1-background-color has-background is-layout-flow wp-block-column-is-layout-flow\" style=\"border-top-left-radius:8px;border-top-right-radius:8px;border-bottom-left-radius:8px;border-bottom-right-radius:8px;padding-right:var(--wp--preset--spacing--40);padding-left:var(--wp--preset--spacing--40);flex-basis:70%\">\n<h2 class=\"wp-block-heading has-text-align-center has-contrast-color has-text-color has-link-color has-be-vietnam-pro-font-family wp-elements-65bb6e4870fb0fa359697f581ca57fe3\" style=\"margin-top:var(--wp--preset--spacing--50);margin-bottom:var(--wp--preset--spacing--40);font-size:clamp(24.034px, 1.502rem + ((1vw - 3.2px) * 1.663), 40px);font-style:normal;font-weight:700\">Interessiert? <br>Melden Sie sich!<\/h2>\n\n\n\n<p class=\"has-text-align-center has-contrast-color has-text-color has-link-color has-be-vietnam-pro-font-family wp-elements-43c6f4c88272fcdf0f50996ee6a0ad1c\" style=\"margin-bottom:var(--wp--preset--spacing--50);font-size:clamp(0.875rem, 0.875rem + ((1vw - 0.2rem) * 0.425), 1.13rem);font-style:normal;font-weight:400\">Sie haben einen konkreten Bedarf und m\u00f6chten uns kennenlernen oder ein unverbindliches Angebot einholen? Kontaktieren Sie uns einfach!<\/p>\n\n\n\n<p class=\"has-text-align-center has-contrast-color has-text-color has-link-color has-be-vietnam-pro-font-family wp-elements-ce3e78edfec289ae52736c9652217c07\" style=\"font-size:clamp(0.875rem, 0.875rem + ((1vw - 0.2rem) * 0.425), 1.13rem);font-style:normal;font-weight:400\"><strong><a href=\"mailto:info@roninworldwide.de\">info@roninworldwide.de<\/a><\/strong><\/p>\n\n\n\n<p class=\"has-text-align-center has-contrast-color has-text-color has-link-color has-be-vietnam-pro-font-family wp-elements-5d1c6ceb54d3af7ad8d231e9b00b4a6c\" style=\"margin-bottom:var(--wp--preset--spacing--50);font-size:clamp(0.875rem, 0.875rem + ((1vw - 0.2rem) * 0.425), 1.13rem);font-style:normal;font-weight:400\"><strong><a href=\"tel:+496213098279911\" data-type=\"tel\" data-id=\"tel:\">0621 \u2013 309 82 79 911<\/a><\/strong><\/p>\n\n\n\n<p class=\"has-text-align-center has-base-color has-text-color has-link-color has-be-vietnam-pro-font-family wp-elements-cda093fb9034ef5d4648ca4838533ea9\" style=\"font-size:clamp(0.875rem, 0.875rem + ((1vw - 0.2rem) * 0.425), 1.13rem);font-style:normal;font-weight:400\"><\/p>\n<\/div>\n\n\n\n<div class=\"wp-block-column is-layout-flow wp-block-column-is-layout-flow\" style=\"padding-top:0;padding-bottom:0;flex-basis:15%\"><\/div>\n<\/div>\n","protected":false},"excerpt":{"rendered":"<p>Under Construction! Unsere Seite wird gerade modernisiert. Ihre Sicherheit liegt uns am Herzen Ronin ist Ihr professioneller und freundlicher Partner rund um den Objekt-, Werk- und Veranstaltungsschutz. Weil Sicherheit Vertrauen verdient Wir legen gro\u00dfen Wert auf klare Kommunikation, ein respektvolles Verhalten und darauf, dass jede Einsatzkraft nicht nur fachlich, sondern auch menschlich u\u0308berzeugt. Unser Team [&hellip;]<\/p>\n","protected":false},"author":1,"featured_media":0,"parent":0,"menu_order":0,"comment_status":"closed","ping_status":"closed","template":"","meta":{"footnotes":""},"class_list":["post-2","page","type-page","status-publish","hentry"],"_links":{"self":[{"href":"https:\/\/www.roninworldwide.de\/index.php?rest_route=\/wp\/v2\/pages\/2","targetHints":{"allow":["GET"]}}],"collection":[{"href":"https:\/\/www.roninworldwide.de\/index.php?rest_route=\/wp\/v2\/pages"}],"about":[{"href":"https:\/\/www.roninworldwide.de\/index.php?rest_route=\/wp\/v2\/types\/page"}],"author":[{"embeddable":true,"href":"https:\/\/www.roninworldwide.de\/index.php?rest_route=\/wp\/v2\/users\/1"}],"replies":[{"embeddable":true,"href":"https:\/\/www.roninworldwide.de\/index.php?rest_route=%2Fwp%2Fv2%2Fcomments&post=2"}],"version-history":[{"count":26,"href":"https:\/\/www.roninworldwide.de\/index.php?rest_route=\/wp\/v2\/pages\/2\/revisions"}],"predecessor-version":[{"id":78,"href":"https:\/\/www.roninworldwide.de\/index.php?rest_route=\/wp\/v2\/pages\/2\/revisions\/78"}],"wp:attachment":[{"href":"https:\/\/www.roninworldwide.de\/index.php?rest_route=%2Fwp%2Fv2%2Fmedia&parent=2"}],"curies":[{"name":"wp","href":"https:\/\/api.w.org\/{rel}","templated":true}]}}